{"id":5960,"date":"2022-09-26T10:46:32","date_gmt":"2022-09-26T10:46:32","guid":{"rendered":"https:\/\/rx4-test.com\/proyectos\/suvicar\/privacy-policy\/"},"modified":"2022-09-29T09:31:13","modified_gmt":"2022-09-29T09:31:13","slug":"privacy-policy","status":"publish","type":"page","link":"https:\/\/suvicar.com\/en\/privacy-policy\/","title":{"rendered":"Privacy policy"},"content":{"rendered":"<div class=\"fusion-fullwidth fullwidth-box fusion-builder-row-1 fusion-flex-container has-pattern-background has-mask-background nonhundred-percent-fullwidth non-hundred-percent-height-scrolling\" style=\"--awb-border-radius-top-left:0px;--awb-border-radius-top-right:0px;--awb-border-radius-bottom-right:0px;--awb-border-radius-bottom-left:0px;--awb-padding-top:120px;--awb-padding-bottom:120px;--awb-padding-top-small:60px;--awb-padding-bottom-small:60px;--awb-flex-wrap:wrap;\" ><div class=\"fusion-builder-row fusion-row fusion-flex-align-items-flex-start fusion-flex-content-wrap\" style=\"max-width:1456px;margin-left: calc(-4% \/ 2 );margin-right: calc(-4% \/ 2 );\"><div class=\"fusion-layout-column fusion_builder_column fusion-builder-column-0 fusion_builder_column_1_1 1_1 fusion-flex-column fusion-animated\" style=\"--awb-bg-size:cover;--awb-width-large:100%;--awb-margin-top-large:0px;--awb-spacing-right-large:1.92%;--awb-margin-bottom-large:0px;--awb-spacing-left-large:1.92%;--awb-width-medium:50%;--awb-order-medium:0;--awb-spacing-right-medium:3.84%;--awb-spacing-left-medium:3.84%;--awb-width-small:100%;--awb-order-small:0;--awb-spacing-right-small:1.92%;--awb-spacing-left-small:1.92%;\" data-animationType=\"fadeInLeft\" data-animationDuration=\"1.0\" data-animationOffset=\"top-into-view\"><div class=\"fusion-column-wrapper fusion-column-has-shadow fusion-flex-justify-content-flex-start fusion-content-layout-column\"><div class=\"fusion-title title fusion-title-1 fusion-sep-none fusion-title-text fusion-title-size-two\" style=\"--awb-text-color:var(--awb-color5);\"><h2 class=\"fusion-title-heading title-heading-left\" style=\"font-family:var(--awb-typography1-font-family);font-weight:var(--awb-typography1-font-weight);font-style:var(--awb-typography1-font-style);margin:0;letter-spacing:var(--awb-typography1-letter-spacing);text-transform:var(--awb-typography1-text-transform);line-height:1;\">Privacy policy<\/h2><\/div><div class=\"fusion-separator fusion-full-width-sep\" style=\"align-self: center;margin-left: auto;margin-right: auto;margin-top:40px;width:100%;\"><\/div><div class=\"fusion-text fusion-text-1\" style=\"--awb-margin-right:5%;\"><p>La privacidad es de gran importancia para CONSTRUCCIONES SUVICARS.L. y queremos mantener una actitud abierta y transparente al tratar sus datos personales. Por lo tanto, disponemos de una pol\u00edtica que establece c\u00f3mo se tratan y protegen sus datos personales.<\/p>\n<p><strong>\u00bfQui\u00e9n es el responsable del tratamiento de sus datos?<\/strong><br \/>\nCONSTRUCCIONES SUVICARS.L.<br \/>\nCIF: B57828261<br \/>\nDir.Postal: PALMA DE MALLORCA (ILLES BALEARS), C.P. 07009, CALLE GREMI BOTER N\u00ba 15 A4 NAVE 1 POLIGONO INDUSTRIAL SON ROSSINYOL<br \/>\nE-mail:administracion@suvicar.com<\/p>\n<p><strong>\u00bfCon qu\u00e9 finalidad tratamos sus datos personales?<\/strong><br \/>\nEn CONSTRUCCIONES SUVICARS.L. tratamos la informaci\u00f3n que nos facilitan las personas interesadas con el fin de realizar la gesti\u00f3n administrativa, contable y fiscal de los servicios solicitados, as\u00ed como enviar comunicaciones comerciales sobre nuestros productos y servicios, para cuyo consentimiento usted haya prestado<\/p>\n<p><strong>\u00bfPor cu\u00e1nto tiempo conservaremos sus datos?<\/strong><br \/>\nLos datos se conservar\u00e1n mientras se mantenga la relaci\u00f3n comercial, y en su caso, durante los a\u00f1os necesarios para cumplir con las obligaciones legales que resulte de aplicaci\u00f3n.<\/p>\n<p><strong>\u00bfCu\u00e1l es la legitimaci\u00f3n para el tratamiento de sus datos?<\/strong><br \/>\nLe indicamos la base legal para el tratamiento de sus datos:<br \/>\n&#8211; Ejecuci\u00f3n de un contrato: Prestaci\u00f3n de los servicios solicitados<br \/>\n&#8211; Consentimiento del interesado: Env\u00edo de comunicaciones comerciales.<\/p>\n<p><strong>\u00bfA qu\u00e9 destinatarios se comunicar\u00e1n sus datos?<\/strong><br \/>\n\u00danicamente se ceder\u00e1n sus datos a los terceros para los cuales hemos recabado debidamente su consentimiento, as\u00ed como para dar cumplimiento a las obligaciones legales.<\/p>\n<p><strong>Transferencias de datos a terceros pa\u00edses<\/strong><br \/>\nNo est\u00e1n previstas transferencias de datos a terceros pa\u00edses.<\/p>\n<p><strong>\u00bfCu\u00e1les son sus derechos cuando nos facilita sus datos?<\/strong><br \/>\nCualquier persona tiene derecho a obtener confirmaci\u00f3n sobre si en CONSTRUCCIONES SUVICARS.L. estamos tratando datos personales que les conciernan, o no.<br \/>\nLas personas interesadas tienen derecho a acceder a sus datos personales, as\u00ed como a solicitar la rectificaci\u00f3n de los datos inexactos o, en su caso, solicitar su supresi\u00f3n cuando, entre otros motivos, los datos ya no sea necesarios para los fines que fueron recogidos.<br \/>\nEn determinadas circunstancias, los interesados podr\u00e1n solicitar la limitaci\u00f3n del tratamiento de sus datos, en cuyo caso \u00fanicamente los conservaremos para el ejercicio o la defensa de reclamaciones.<br \/>\nEn determinadas circunstancias y por motivos relacionados con su situaci\u00f3n particular, los interesados podr\u00e1n oponerse al tratamiento de sus datos. En este caso, CONSTRUCCIONES SUVICARS.L. dejar\u00e1 de tratar los datos, salvo por motivos leg\u00edtimos imperiosos, o el ejercicio o la defensa de posibles reclamaciones.<br \/>\nPodr\u00e1 ejercitar materialmente sus derechos de la siguiente forma: dirigi\u00e9ndose a la direcci\u00f3n de correo electr\u00f3nico del responsable del tratamiento rese\u00f1ado anteriormente adjuntando copia de su DNI o documento de identidad.<br \/>\nSi ha otorgado su consentimiento para alguna finalidad concreta, tiene derecho a retirar el consentimiento otorgado en cualquier momento, sin que ello afecte a la licitud del tratamiento basado en el consentimiento previo a su retirada.<br \/>\nEn caso de que sienta vulnerados sus derechos en lo concerniente a la protecci\u00f3n de sus datos personales, especialmente cuando no haya obtenido satisfacci\u00f3n en el ejercicio de sus derechos, puede presentar una reclamaci\u00f3n ante la Autoridad de Control en materia de Protecci\u00f3n de Datos competente a trav\u00e9s de su sitio web: <a href=\"https:\/\/www.aepd.es\/es\" target=\"_blank\" rel=\"noopener\">WWW.AEPD.ES<\/a><\/p>\n<p><strong>\u00bfC\u00f3mo hemos obtenido sus datos?<\/strong><br \/>\nLos datos personales que tratamos en CONSTRUCCIONES SUVICARS.L. han sido directamente proporcionados por el interesado.<br \/>\nLas categor\u00edas de datos que se tratan son:<br \/>\n&#8211; Datos identificativos<br \/>\n&#8211; Direcciones postales y electr\u00f3nicas<br \/>\n&#8211; Informaci\u00f3n comercial<\/p>\n<\/div><\/div><\/div><\/div><\/div>\n","protected":false},"excerpt":{"rendered":"","protected":false},"author":1,"featured_media":0,"parent":0,"menu_order":0,"comment_status":"closed","ping_status":"closed","template":"100-width.php","meta":{"footnotes":""},"class_list":["post-5960","page","type-page","status-publish","hentry"],"yoast_head":"<!-- This site is optimized with the Yoast SEO plugin v26.7 - https:\/\/yoast.com\/wordpress\/plugins\/seo\/ -->\n<title>Privacy policy | Suvicar<\/title>\n<meta name=\"robots\" content=\"index, follow, max-snippet:-1, max-image-preview:large, max-video-preview:-1\" \/>\n<link rel=\"canonical\" href=\"https:\/\/suvicar.com\/en\/privacy-policy\/\" \/>\n<meta property=\"og:locale\" content=\"en_US\" \/>\n<meta property=\"og:type\" content=\"article\" \/>\n<meta property=\"og:title\" content=\"Privacy policy | Suvicar\" \/>\n<meta property=\"og:url\" content=\"https:\/\/suvicar.com\/en\/privacy-policy\/\" \/>\n<meta property=\"og:site_name\" content=\"Suvicar\" \/>\n<meta property=\"article:modified_time\" content=\"2022-09-29T09:31:13+00:00\" \/>\n<meta name=\"twitter:card\" content=\"summary_large_image\" \/>\n<meta name=\"twitter:label1\" content=\"Est. reading time\" \/>\n\t<meta name=\"twitter:data1\" content=\"8 minutes\" \/>\n<script type=\"application\/ld+json\" class=\"yoast-schema-graph\">{\"@context\":\"https:\/\/schema.org\",\"@graph\":[{\"@type\":\"WebPage\",\"@id\":\"https:\/\/suvicar.com\/en\/privacy-policy\/\",\"url\":\"https:\/\/suvicar.com\/en\/privacy-policy\/\",\"name\":\"Privacy policy | Suvicar\",\"isPartOf\":{\"@id\":\"https:\/\/suvicar.com\/#website\"},\"datePublished\":\"2022-09-26T10:46:32+00:00\",\"dateModified\":\"2022-09-29T09:31:13+00:00\",\"breadcrumb\":{\"@id\":\"https:\/\/suvicar.com\/en\/privacy-policy\/#breadcrumb\"},\"inLanguage\":\"en-US\",\"potentialAction\":[{\"@type\":\"ReadAction\",\"target\":[\"https:\/\/suvicar.com\/en\/privacy-policy\/\"]}]},{\"@type\":\"BreadcrumbList\",\"@id\":\"https:\/\/suvicar.com\/en\/privacy-policy\/#breadcrumb\",\"itemListElement\":[{\"@type\":\"ListItem\",\"position\":1,\"name\":\"Portada\",\"item\":\"https:\/\/suvicar.com\/en\/\"},{\"@type\":\"ListItem\",\"position\":2,\"name\":\"Privacy policy\"}]},{\"@type\":\"WebSite\",\"@id\":\"https:\/\/suvicar.com\/#website\",\"url\":\"https:\/\/suvicar.com\/\",\"name\":\"Suvicar\",\"description\":\"\",\"potentialAction\":[{\"@type\":\"SearchAction\",\"target\":{\"@type\":\"EntryPoint\",\"urlTemplate\":\"https:\/\/suvicar.com\/?s={search_term_string}\"},\"query-input\":{\"@type\":\"PropertyValueSpecification\",\"valueRequired\":true,\"valueName\":\"search_term_string\"}}],\"inLanguage\":\"en-US\"}]}<\/script>\n<!-- \/ Yoast SEO plugin. -->","yoast_head_json":{"title":"Privacy policy | Suvicar","robots":{"index":"index","follow":"follow","max-snippet":"max-snippet:-1","max-image-preview":"max-image-preview:large","max-video-preview":"max-video-preview:-1"},"canonical":"https:\/\/suvicar.com\/en\/privacy-policy\/","og_locale":"en_US","og_type":"article","og_title":"Privacy policy | Suvicar","og_url":"https:\/\/suvicar.com\/en\/privacy-policy\/","og_site_name":"Suvicar","article_modified_time":"2022-09-29T09:31:13+00:00","twitter_card":"summary_large_image","twitter_misc":{"Est. reading time":"8 minutes"},"schema":{"@context":"https:\/\/schema.org","@graph":[{"@type":"WebPage","@id":"https:\/\/suvicar.com\/en\/privacy-policy\/","url":"https:\/\/suvicar.com\/en\/privacy-policy\/","name":"Privacy policy | Suvicar","isPartOf":{"@id":"https:\/\/suvicar.com\/#website"},"datePublished":"2022-09-26T10:46:32+00:00","dateModified":"2022-09-29T09:31:13+00:00","breadcrumb":{"@id":"https:\/\/suvicar.com\/en\/privacy-policy\/#breadcrumb"},"inLanguage":"en-US","potentialAction":[{"@type":"ReadAction","target":["https:\/\/suvicar.com\/en\/privacy-policy\/"]}]},{"@type":"BreadcrumbList","@id":"https:\/\/suvicar.com\/en\/privacy-policy\/#breadcrumb","itemListElement":[{"@type":"ListItem","position":1,"name":"Portada","item":"https:\/\/suvicar.com\/en\/"},{"@type":"ListItem","position":2,"name":"Privacy policy"}]},{"@type":"WebSite","@id":"https:\/\/suvicar.com\/#website","url":"https:\/\/suvicar.com\/","name":"Suvicar","description":"","potentialAction":[{"@type":"SearchAction","target":{"@type":"EntryPoint","urlTemplate":"https:\/\/suvicar.com\/?s={search_term_string}"},"query-input":{"@type":"PropertyValueSpecification","valueRequired":true,"valueName":"search_term_string"}}],"inLanguage":"en-US"}]}},"_links":{"self":[{"href":"https:\/\/suvicar.com\/en\/wp-json\/wp\/v2\/pages\/5960","targetHints":{"allow":["GET"]}}],"collection":[{"href":"https:\/\/suvicar.com\/en\/wp-json\/wp\/v2\/pages"}],"about":[{"href":"https:\/\/suvicar.com\/en\/wp-json\/wp\/v2\/types\/page"}],"author":[{"embeddable":true,"href":"https:\/\/suvicar.com\/en\/wp-json\/wp\/v2\/users\/1"}],"replies":[{"embeddable":true,"href":"https:\/\/suvicar.com\/en\/wp-json\/wp\/v2\/comments?post=5960"}],"version-history":[{"count":0,"href":"https:\/\/suvicar.com\/en\/wp-json\/wp\/v2\/pages\/5960\/revisions"}],"wp:attachment":[{"href":"https:\/\/suvicar.com\/en\/wp-json\/wp\/v2\/media?parent=5960"}],"curies":[{"name":"wp","href":"https:\/\/api.w.org\/{rel}","templated":true}]}}